{"id":3925,"date":"2021-01-24T16:17:46","date_gmt":"2021-01-24T19:17:46","guid":{"rendered":"https:\/\/mobilis.wxlabs.com.br\/institucional\/"},"modified":"2024-12-17T18:02:16","modified_gmt":"2024-12-17T21:02:16","slug":"institucional","status":"publish","type":"page","link":"https:\/\/mobilistraffic.com\/es\/institucional\/","title":{"rendered":"Institucional"},"content":{"rendered":"\t\t<div data-elementor-type=\"wp-page\" data-elementor-id=\"3925\" class=\"elementor elementor-3925 elementor-18\" data-elementor-post-type=\"page\">\n\t\t\t\t<div class=\"elementor-element elementor-element-7aa04aa e-flex e-con-boxed elementor-invisible e-con e-parent\" data-id=\"7aa04aa\" data-element_type=\"container\" data-e-type=\"container\" data-settings=\"{&quot;background_background&quot;:&quot;video&quot;,&quot;jet_parallax_layout_list&quot;:[],&quot;animation&quot;:&quot;fadeIn&quot;,&quot;background_video_link&quot;:&quot;https:\\\/\\\/mobilistraffic.com\\\/wp-content\\\/uploads\\\/2024\\\/12\\\/drone_zoom_10seg_opt_b.mp4&quot;}\">\n\t\t\t\t\t<div class=\"e-con-inner\">\n\t\t<div class=\"elementor-background-video-container elementor-hidden-mobile\">\n\t\t\t\t\t\t\t<video class=\"elementor-background-video-hosted\" role=\"presentation\" autoplay muted playsinline loop><\/video>\n\t\t\t\t\t<\/div><div class=\"elementor-element elementor-element-58055bd e-con-full e-flex e-con e-child\" data-id=\"58055bd\" data-element_type=\"container\" data-e-type=\"container\" data-settings=\"{&quot;jet_parallax_layout_list&quot;:[]}\">\n\t\t\t\t<div class=\"elementor-element elementor-element-4cd74c4 elementor-widget elementor-widget-heading\" data-id=\"4cd74c4\" data-element_type=\"widget\" data-e-type=\"widget\" data-widget_type=\"heading.default\">\n\t\t\t\t\t<h3 class=\"elementor-heading-title elementor-size-default\">Donde hay tr\u00e1fico, hay vidas que proteger. \u00a1Y ah\u00ed es donde queremos estar! <\/h3>\t\t\t\t<\/div>\n\t\t\t\t<\/div>\n\t\t\t\t\t<\/div>\n\t\t\t\t<\/div>\n\t\t<div class=\"elementor-element elementor-element-5dc5ebc e-flex e-con-boxed e-con e-parent\" data-id=\"5dc5ebc\" data-element_type=\"container\" data-e-type=\"container\" data-settings=\"{&quot;jet_parallax_layout_list&quot;:[]}\">\n\t\t\t\t\t<div class=\"e-con-inner\">\n\t\t<div class=\"elementor-element elementor-element-c24784a e-con-full e-flex e-con e-child\" data-id=\"c24784a\" data-element_type=\"container\" data-e-type=\"container\" data-settings=\"{&quot;jet_parallax_layout_list&quot;:[]}\">\n\t\t<div class=\"elementor-element elementor-element-22e56f2 e-con-full e-flex e-con e-child\" data-id=\"22e56f2\" data-element_type=\"container\" data-e-type=\"container\" data-settings=\"{&quot;jet_parallax_layout_list&quot;:[]}\">\n\t\t\t\t<div class=\"elementor-element elementor-element-a382085 elementor-widget elementor-widget-image\" data-id=\"a382085\" data-element_type=\"widget\" data-e-type=\"widget\" data-widget_type=\"image.default\">\n\t\t\t\t\t\t\t\t\t\t\t\t\t\t\t<img decoding=\"async\" width=\"310\" height=\"152\" src=\"https:\/\/mobilistraffic.com\/wp-content\/uploads\/2024\/12\/mapa-mundi-ilustra.svg\" class=\"attachment-large size-large wp-image-3901\" alt=\"\" \/>\t\t\t\t\t\t\t\t\t\t\t\t\t\t\t<\/div>\n\t\t\t\t<\/div>\n\t\t<div class=\"elementor-element elementor-element-684d0df e-con-full e-flex e-con e-child\" data-id=\"684d0df\" data-element_type=\"container\" data-e-type=\"container\" data-settings=\"{&quot;jet_parallax_layout_list&quot;:[]}\">\n\t\t\t\t<div class=\"elementor-element elementor-element-dd63472 elementor-widget elementor-widget-heading\" data-id=\"dd63472\" data-element_type=\"widget\" data-e-type=\"widget\" data-widget_type=\"heading.default\">\n\t\t\t\t\t<h3 class=\"elementor-heading-title elementor-size-default\">Tecnolog\u00eda, Seguridad y Gesti\u00f3n del Tr\u00e1fico<\/h3>\t\t\t\t<\/div>\n\t\t\t\t<div class=\"elementor-element elementor-element-ef53fc5 elementor-widget elementor-widget-text-editor\" data-id=\"ef53fc5\" data-element_type=\"widget\" data-e-type=\"widget\" data-widget_type=\"text-editor.default\">\n\t\t\t\t\t\t\t\t\t<p>Una empresa 100% brasile\u00f1a que desde su fundaci\u00f3n se dedica a ofrecer soluciones innovadoras que promueven la seguridad y la inteligencia de las ciudades.<\/p>\n<p>Con una variada cartera de tecnolog\u00edas de vanguardia y un equipo altamente especializado, <strong>Mobilis<\/strong> se ha convertido en un <strong>referente en innovaci\u00f3n para la gesti\u00f3n de la movilidad urbana<\/strong>, desarrollando clientes en diversas ciudades de todo el mundo y contribuyendo a un tr\u00e1fico m\u00e1s seguro y sostenible.<\/p>\n\t\t\t\t\t\t\t\t<\/div>\n\t\t\t\t<\/div>\n\t\t\t\t<\/div>\n\t\t\t\t\t<\/div>\n\t\t\t\t<\/div>\n\t\t<div class=\"elementor-element elementor-element-0267d2e e-flex e-con-boxed e-con e-parent\" data-id=\"0267d2e\" data-element_type=\"container\" data-e-type=\"container\" data-settings=\"{&quot;jet_parallax_layout_list&quot;:[]}\">\n\t\t\t\t\t<div class=\"e-con-inner\">\n\t\t<div class=\"elementor-element elementor-element-9f1600c e-con-full e-flex e-con e-child\" data-id=\"9f1600c\" data-element_type=\"container\" data-e-type=\"container\" data-settings=\"{&quot;jet_parallax_layout_list&quot;:[]}\">\n\t\t<div class=\"elementor-element elementor-element-5f9f88b e-con-full e-flex e-con e-child\" data-id=\"5f9f88b\" data-element_type=\"container\" data-e-type=\"container\" data-settings=\"{&quot;jet_parallax_layout_list&quot;:[]}\">\n\t\t\t\t<div class=\"elementor-element elementor-element-323c41c elementor-widget elementor-widget-jet-horizontal-timeline\" data-id=\"323c41c\" data-element_type=\"widget\" data-e-type=\"widget\" data-settings=\"{&quot;columns&quot;:2,&quot;columns_tablet&quot;:2,&quot;columns_mobile&quot;:1,&quot;slides_to_scroll&quot;:&quot;1&quot;}\" data-widget_type=\"jet-horizontal-timeline.default\">\n\t\t\t\t<div class=\"elementor-widget-container\">\n\t\t\t\t\t<div class=\"elementor-jet-horizontal-timeline jet-elements\">\n<div class=\"jet-hor-timeline jet-hor-timeline--layout-top jet-hor-timeline--align-center jet-hor-timeline--arrows-nav\">\n\t<div class=\"jet-hor-timeline-inner\">\n\t\t<div class=\"jet-hor-timeline-track\">\n\t\t\t<div class=\"jet-hor-timeline-list jet-hor-timeline-list--top\">\n<div class=\"jet-hor-timeline-item elementor-repeater-item-b7e2fe0 is-active\" data-item-id=\"b7e2fe0\">\n\t\t\t\n<div class=\"jet-hor-timeline-item__card\">\n\t<div class=\"jet-hor-timeline-item__card-inner\">\n\t\t<div class=\"jet-hor-timeline-item__card-desc\"><br>Inicio de la actividad el 18\/12\/2015 (con Simuladores)<\/div>\t<\/div>\n\t\t\t<div class=\"jet-hor-timeline-item__card-arrow\"><\/div>\n\t<\/div>\n\t<\/div>\n\n<div class=\"jet-hor-timeline-item elementor-repeater-item-1e94220\" data-item-id=\"1e94220\">\n\t\t\t\n<div class=\"jet-hor-timeline-item__card\">\n\t<div class=\"jet-hor-timeline-item__card-inner\">\n\t\t<div class=\"jet-hor-timeline-item__card-desc\">Primer contrato nacional de vigilancia electr\u00f3nica<\/div>\t<\/div>\n\t\t\t<div class=\"jet-hor-timeline-item__card-arrow\"><\/div>\n\t<\/div>\n\t<\/div>\n\n<div class=\"jet-hor-timeline-item elementor-repeater-item-e79fe06\" data-item-id=\"e79fe06\">\n\t\t\t\n<div class=\"jet-hor-timeline-item__card\">\n\t<div class=\"jet-hor-timeline-item__card-inner\">\n\t\t<div class=\"jet-hor-timeline-item__card-desc\">Intertraffic Amsterdam<\/div>\t<\/div>\n\t\t\t<div class=\"jet-hor-timeline-item__card-arrow\"><\/div>\n\t<\/div>\n\t<\/div>\n\n<div class=\"jet-hor-timeline-item elementor-repeater-item-af9d599\" data-item-id=\"af9d599\">\n\t\t\t\n<div class=\"jet-hor-timeline-item__card\">\n\t<div class=\"jet-hor-timeline-item__card-inner\">\n\t\t<div class=\"jet-hor-timeline-item__card-desc\">Intertraffic M\u00e9xico<\/div>\t<\/div>\n\t\t\t<div class=\"jet-hor-timeline-item__card-arrow\"><\/div>\n\t<\/div>\n\t<\/div>\n\n<div class=\"jet-hor-timeline-item elementor-repeater-item-f8f5041\" data-item-id=\"f8f5041\">\n\t\t\t\n<div class=\"jet-hor-timeline-item__card\">\n\t<div class=\"jet-hor-timeline-item__card-inner\">\n\t\t<div class=\"jet-hor-timeline-item__card-desc\">Primer contrato internacional de vigilancia electr\u00f3nica<\/div>\t<\/div>\n\t\t\t<div class=\"jet-hor-timeline-item__card-arrow\"><\/div>\n\t<\/div>\n\t<\/div>\n\n<div class=\"jet-hor-timeline-item elementor-repeater-item-63b7eed\" data-item-id=\"63b7eed\">\n\t\t\t\n<div class=\"jet-hor-timeline-item__card\">\n\t<div class=\"jet-hor-timeline-item__card-inner\">\n\t\t<div class=\"jet-hor-timeline-item__card-desc\">Intertraffic Amsterdam<\/div>\t<\/div>\n\t\t\t<div class=\"jet-hor-timeline-item__card-arrow\"><\/div>\n\t<\/div>\n\t<\/div>\n\n<div class=\"jet-hor-timeline-item elementor-repeater-item-e5d9f75\" data-item-id=\"e5d9f75\">\n\t\t\t\n<div class=\"jet-hor-timeline-item__card\">\n\t<div class=\"jet-hor-timeline-item__card-inner\">\n\t\t<div class=\"jet-hor-timeline-item__card-desc\">Intertraffic Amsterdam<\/div>\t<\/div>\n\t\t\t<div class=\"jet-hor-timeline-item__card-arrow\"><\/div>\n\t<\/div>\n\t<\/div>\n<\/div>\t\t\t<div class=\"jet-hor-timeline-list jet-hor-timeline-list--middle\">\n\t<div class=\"jet-hor-timeline__line\"><\/div>\n\n<div class=\"jet-hor-timeline-item elementor-repeater-item-b7e2fe0 is-active\" data-item-id=\"b7e2fe0\">\n\t<div class=\"jet-hor-timeline-item__point\"><div class=\"jet-hor-timeline-item__point-content\"><\/div><\/div><\/div>\n\n<div class=\"jet-hor-timeline-item elementor-repeater-item-1e94220\" data-item-id=\"1e94220\">\n\t<div class=\"jet-hor-timeline-item__point\"><div class=\"jet-hor-timeline-item__point-content\"><\/div><\/div><\/div>\n\n<div class=\"jet-hor-timeline-item elementor-repeater-item-e79fe06\" data-item-id=\"e79fe06\">\n\t<div class=\"jet-hor-timeline-item__point\"><div class=\"jet-hor-timeline-item__point-content\"><\/div><\/div><\/div>\n\n<div class=\"jet-hor-timeline-item elementor-repeater-item-af9d599\" data-item-id=\"af9d599\">\n\t<div class=\"jet-hor-timeline-item__point\"><div class=\"jet-hor-timeline-item__point-content\"><\/div><\/div><\/div>\n\n<div class=\"jet-hor-timeline-item elementor-repeater-item-f8f5041\" data-item-id=\"f8f5041\">\n\t<div class=\"jet-hor-timeline-item__point\"><div class=\"jet-hor-timeline-item__point-content\"><\/div><\/div><\/div>\n\n<div class=\"jet-hor-timeline-item elementor-repeater-item-63b7eed\" data-item-id=\"63b7eed\">\n\t<div class=\"jet-hor-timeline-item__point\"><div class=\"jet-hor-timeline-item__point-content\"><\/div><\/div><\/div>\n\n<div class=\"jet-hor-timeline-item elementor-repeater-item-e5d9f75\" data-item-id=\"e5d9f75\">\n\t<div class=\"jet-hor-timeline-item__point\"><div class=\"jet-hor-timeline-item__point-content\"><\/div><\/div><\/div>\n<\/div>\t\t\t<div class=\"jet-hor-timeline-list jet-hor-timeline-list--bottom\">\n<div class=\"jet-hor-timeline-item elementor-repeater-item-b7e2fe0 is-active\" data-item-id=\"b7e2fe0\">\n\t\t\t<div class=\"jet-hor-timeline-item__meta\">2015<\/div>\t<\/div>\n\n<div class=\"jet-hor-timeline-item elementor-repeater-item-1e94220\" data-item-id=\"1e94220\">\n\t\t\t<div class=\"jet-hor-timeline-item__meta\">2018<\/div>\t<\/div>\n\n<div class=\"jet-hor-timeline-item elementor-repeater-item-e79fe06\" data-item-id=\"e79fe06\">\n\t\t\t<div class=\"jet-hor-timeline-item__meta\">2018<\/div>\t<\/div>\n\n<div class=\"jet-hor-timeline-item elementor-repeater-item-af9d599\" data-item-id=\"af9d599\">\n\t\t\t<div class=\"jet-hor-timeline-item__meta\">2019<\/div>\t<\/div>\n\n<div class=\"jet-hor-timeline-item elementor-repeater-item-f8f5041\" data-item-id=\"f8f5041\">\n\t\t\t<div class=\"jet-hor-timeline-item__meta\">2021<\/div>\t<\/div>\n\n<div class=\"jet-hor-timeline-item elementor-repeater-item-63b7eed\" data-item-id=\"63b7eed\">\n\t\t\t<div class=\"jet-hor-timeline-item__meta\">2022<\/div>\t<\/div>\n\n<div class=\"jet-hor-timeline-item elementor-repeater-item-e5d9f75\" data-item-id=\"e5d9f75\">\n\t\t\t<div class=\"jet-hor-timeline-item__meta\">2024<\/div>\t<\/div>\n<\/div>\t\t<\/div>\n\t<\/div>\n\t<i class=\"jet-arrow jet-prev-arrow jet-arrow-disabled\"><svg width=\"24\" height=\"24\" viewBox=\"0 0 24 24\" fill=\"none\" xmlns=\"http:\/\/www.w3.org\/2000\/svg\"><path d=\"M16.4 1.4499L18.4 3.4749L9.82502 12.0499L18.4 20.6249L16.4 22.6499L5.80002 12.0499L16.4 1.4499Z\" fill=\"#0F172A\"\/><\/svg><\/i><i class=\"jet-arrow jet-next-arrow\"><svg width=\"24\" height=\"24\" viewBox=\"0 0 24 24\" fill=\"none\" xmlns=\"http:\/\/www.w3.org\/2000\/svg\"><path d=\"M7.59998 22.5501L5.59998 20.5251L14.175 11.9501L5.59998 3.3751L7.59998 1.3501L18.2 11.9501L7.59998 22.5501Z\" fill=\"#0F172A\"\/><\/svg><\/i><\/div><\/div>\t\t\t\t<\/div>\n\t\t\t\t<\/div>\n\t\t\t\t<\/div>\n\t\t\t\t<\/div>\n\t\t\t\t\t<\/div>\n\t\t\t\t<\/div>\n\t\t<div class=\"elementor-element elementor-element-0cc6893 e-flex e-con-boxed e-con e-parent\" data-id=\"0cc6893\" data-element_type=\"container\" data-e-type=\"container\" data-settings=\"{&quot;jet_parallax_layout_list&quot;:[]}\">\n\t\t\t\t\t<div class=\"e-con-inner\">\n\t\t<div class=\"elementor-element elementor-element-7f79c03 e-con-full e-flex e-con e-child\" data-id=\"7f79c03\" data-element_type=\"container\" data-e-type=\"container\" data-settings=\"{&quot;jet_parallax_layout_list&quot;:[]}\">\n\t\t\t\t<div class=\"elementor-element elementor-element-0f0ccae elementor-widget elementor-widget-image\" data-id=\"0f0ccae\" data-element_type=\"widget\" data-e-type=\"widget\" data-widget_type=\"image.default\">\n\t\t\t\t\t\t\t\t\t\t\t\t\t\t\t<img decoding=\"async\" width=\"64\" height=\"64\" src=\"https:\/\/mobilistraffic.com\/wp-content\/uploads\/2024\/12\/ico_missao_3.svg\" class=\"attachment-large size-large wp-image-3793\" alt=\"\" \/>\t\t\t\t\t\t\t\t\t\t\t\t\t\t\t<\/div>\n\t\t\t\t<div class=\"elementor-element elementor-element-dadaeed elementor-widget elementor-widget-heading\" data-id=\"dadaeed\" data-element_type=\"widget\" data-e-type=\"widget\" data-widget_type=\"heading.default\">\n\t\t\t\t\t<h2 class=\"elementor-heading-title elementor-size-default\">Misi\u00f3n<\/h2>\t\t\t\t<\/div>\n\t\t\t\t<div class=\"elementor-element elementor-element-266452c elementor-widget elementor-widget-text-editor\" data-id=\"266452c\" data-element_type=\"widget\" data-e-type=\"widget\" data-widget_type=\"text-editor.default\">\n\t\t\t\t\t\t\t\t\t<p>\u00abGenerar nuevos negocios siendo una plataforma de soluciones tecnol\u00f3gicas innovadoras que mejoren la vida de las personas\u00bb.<\/p>\n\t\t\t\t\t\t\t\t<\/div>\n\t\t\t\t<\/div>\n\t\t<div class=\"elementor-element elementor-element-b367e4d e-con-full e-flex e-con e-child\" data-id=\"b367e4d\" data-element_type=\"container\" data-e-type=\"container\" data-settings=\"{&quot;jet_parallax_layout_list&quot;:[]}\">\n\t\t\t\t<div class=\"elementor-element elementor-element-69bc0a2 elementor-widget elementor-widget-image\" data-id=\"69bc0a2\" data-element_type=\"widget\" data-e-type=\"widget\" data-widget_type=\"image.default\">\n\t\t\t\t\t\t\t\t\t\t\t\t\t\t\t<img decoding=\"async\" width=\"66\" height=\"65\" src=\"https:\/\/mobilistraffic.com\/wp-content\/uploads\/2024\/12\/ico_visao_3.svg\" class=\"attachment-large size-large wp-image-3787\" alt=\"\" \/>\t\t\t\t\t\t\t\t\t\t\t\t\t\t\t<\/div>\n\t\t\t\t<div class=\"elementor-element elementor-element-c275327 elementor-widget elementor-widget-heading\" data-id=\"c275327\" data-element_type=\"widget\" data-e-type=\"widget\" data-widget_type=\"heading.default\">\n\t\t\t\t\t<h2 class=\"elementor-heading-title elementor-size-default\">Visi\u00f3n<\/h2>\t\t\t\t<\/div>\n\t\t\t\t<div class=\"elementor-element elementor-element-0e0096d elementor-widget elementor-widget-text-editor\" data-id=\"0e0096d\" data-element_type=\"widget\" data-e-type=\"widget\" data-widget_type=\"text-editor.default\">\n\t\t\t\t\t\t\t\t\t<p>\u00abConsolidarse como plataforma de creaci\u00f3n de empresas de \u00e9xito, generando oportunidades para todos los implicados\u00bb.<\/p>\n\t\t\t\t\t\t\t\t<\/div>\n\t\t\t\t<\/div>\n\t\t<div class=\"elementor-element elementor-element-bf20531 e-con-full e-flex e-con e-child\" data-id=\"bf20531\" data-element_type=\"container\" data-e-type=\"container\" data-settings=\"{&quot;jet_parallax_layout_list&quot;:[]}\">\n\t\t\t\t<div class=\"elementor-element elementor-element-cec3f24 elementor-widget elementor-widget-image\" data-id=\"cec3f24\" data-element_type=\"widget\" data-e-type=\"widget\" data-widget_type=\"image.default\">\n\t\t\t\t\t\t\t\t\t\t\t\t\t\t\t<img loading=\"lazy\" decoding=\"async\" width=\"71\" height=\"67\" src=\"https:\/\/mobilistraffic.com\/wp-content\/uploads\/2024\/12\/ico_valores_3.svg\" class=\"attachment-large size-large wp-image-3781\" alt=\"\" \/>\t\t\t\t\t\t\t\t\t\t\t\t\t\t\t<\/div>\n\t\t\t\t<div class=\"elementor-element elementor-element-3bccaaa elementor-widget elementor-widget-heading\" data-id=\"3bccaaa\" data-element_type=\"widget\" data-e-type=\"widget\" data-widget_type=\"heading.default\">\n\t\t\t\t\t<h2 class=\"elementor-heading-title elementor-size-default\">Valores<\/h2>\t\t\t\t<\/div>\n\t\t\t\t<div class=\"elementor-element elementor-element-b06c333 elementor-widget elementor-widget-text-editor\" data-id=\"b06c333\" data-element_type=\"widget\" data-e-type=\"widget\" data-widget_type=\"text-editor.default\">\n\t\t\t\t\t\t\t\t\t<ul>\n<li>La tecnolog\u00eda mejora la vida de las personas;<\/li>\n<li>La innovaci\u00f3n est\u00e1 en nuestro ADN;<\/li>\n<li>Los n\u00fameros importan;<\/li>\n<li>El talento atrae al talento;<\/li>\n<li>Somos aut\u00e9nticos y abiertos;<\/li>\n<li>Trabajamos con alegr\u00eda.<\/li>\n<\/ul>\n\t\t\t\t\t\t\t\t<\/div>\n\t\t\t\t<\/div>\n\t\t\t\t\t<\/div>\n\t\t\t\t<\/div>\n\t\t<div class=\"elementor-element elementor-element-ee9e865 e-flex e-con-boxed e-con e-parent\" data-id=\"ee9e865\" data-element_type=\"container\" data-e-type=\"container\" data-settings=\"{&quot;jet_parallax_layout_list&quot;:[]}\">\n\t\t\t\t\t<div class=\"e-con-inner\">\n\t\t<div class=\"elementor-element elementor-element-e3028f2 e-con-full e-flex e-con e-child\" data-id=\"e3028f2\" data-element_type=\"container\" data-e-type=\"container\" data-settings=\"{&quot;jet_parallax_layout_list&quot;:[]}\">\n\t\t<div class=\"elementor-element elementor-element-d5078c4 e-con-full e-flex e-con e-child\" data-id=\"d5078c4\" data-element_type=\"container\" data-e-type=\"container\" data-settings=\"{&quot;jet_parallax_layout_list&quot;:[]}\">\n\t\t\t\t<div class=\"elementor-element elementor-element-32efc92 elementor-widget elementor-widget-heading\" data-id=\"32efc92\" data-element_type=\"widget\" data-e-type=\"widget\" data-widget_type=\"heading.default\">\n\t\t\t\t\t<h2 class=\"elementor-heading-title elementor-size-default\">N\u00fameros que nos mueven<\/h2>\t\t\t\t<\/div>\n\t\t\t\t<div class=\"elementor-element elementor-element-a102f1a elementor-widget elementor-widget-heading\" data-id=\"a102f1a\" data-element_type=\"widget\" data-e-type=\"widget\" data-widget_type=\"heading.default\">\n\t\t\t\t\t<h4 class=\"elementor-heading-title elementor-size-default\">Mobilis desempe\u00f1a un papel clave en la seguridad vial.<\/h4>\t\t\t\t<\/div>\n\t\t\t\t<\/div>\n\t\t<div class=\"elementor-element elementor-element-91d41d3 e-con-full e-flex e-con e-child\" data-id=\"91d41d3\" data-element_type=\"container\" data-e-type=\"container\" data-settings=\"{&quot;jet_parallax_layout_list&quot;:[]}\">\n\t\t<div class=\"elementor-element elementor-element-1ff8b3b e-grid e-con-full e-con e-child\" data-id=\"1ff8b3b\" data-element_type=\"container\" data-e-type=\"container\" data-settings=\"{&quot;jet_parallax_layout_list&quot;:[]}\">\n\t\t\t\t<div class=\"elementor-element elementor-element-b65faa7 elementor-position-inline-start elementor-view-default elementor-mobile-position-block-start elementor-widget elementor-widget-icon-box\" data-id=\"b65faa7\" data-element_type=\"widget\" data-e-type=\"widget\" data-widget_type=\"icon-box.default\">\n\t\t\t\t\t\t\t<div class=\"elementor-icon-box-wrapper\">\n\n\t\t\t\t\t\t<div class=\"elementor-icon-box-icon\">\n\t\t\t\t<span  class=\"elementor-icon\">\n\t\t\t\t<svg aria-hidden=\"true\" class=\"e-font-icon-svg e-fas-angle-right\" viewBox=\"0 0 256 512\" xmlns=\"http:\/\/www.w3.org\/2000\/svg\"><path d=\"M224.3 273l-136 136c-9.4 9.4-24.6 9.4-33.9 0l-22.6-22.6c-9.4-9.4-9.4-24.6 0-33.9l96.4-96.4-96.4-96.4c-9.4-9.4-9.4-24.6 0-33.9L54.3 103c9.4-9.4 24.6-9.4 33.9 0l136 136c9.5 9.4 9.5 24.6.1 34z\"><\/path><\/svg>\t\t\t\t<\/span>\n\t\t\t<\/div>\n\t\t\t\n\t\t\t\t\t\t<div class=\"elementor-icon-box-content\">\n\n\t\t\t\t\t\t\t\t\t<h4 class=\"elementor-icon-box-title\">\n\t\t\t\t\t\t<span  >\n\t\t\t\t\t\t\tLa vigilancia electr\u00f3nica del tr\u00e1fico promueve un 30% menos de v\u00edctimas mortales 60% menos de accidentes\t\t\t\t\t\t<\/span>\n\t\t\t\t\t<\/h4>\n\t\t\t\t\n\t\t\t\t\n\t\t\t<\/div>\n\t\t\t\n\t\t<\/div>\n\t\t\t\t\t\t<\/div>\n\t\t\t\t<div class=\"elementor-element elementor-element-9933da6 elementor-position-inline-start elementor-view-default elementor-mobile-position-block-start elementor-widget elementor-widget-icon-box\" data-id=\"9933da6\" data-element_type=\"widget\" data-e-type=\"widget\" data-widget_type=\"icon-box.default\">\n\t\t\t\t\t\t\t<div class=\"elementor-icon-box-wrapper\">\n\n\t\t\t\t\t\t<div class=\"elementor-icon-box-icon\">\n\t\t\t\t<span  class=\"elementor-icon\">\n\t\t\t\t<svg aria-hidden=\"true\" class=\"e-font-icon-svg e-fas-angle-right\" viewBox=\"0 0 256 512\" xmlns=\"http:\/\/www.w3.org\/2000\/svg\"><path d=\"M224.3 273l-136 136c-9.4 9.4-24.6 9.4-33.9 0l-22.6-22.6c-9.4-9.4-9.4-24.6 0-33.9l96.4-96.4-96.4-96.4c-9.4-9.4-9.4-24.6 0-33.9L54.3 103c9.4-9.4 24.6-9.4 33.9 0l136 136c9.5 9.4 9.5 24.6.1 34z\"><\/path><\/svg>\t\t\t\t<\/span>\n\t\t\t<\/div>\n\t\t\t\n\t\t\t\t\t\t<div class=\"elementor-icon-box-content\">\n\n\t\t\t\t\t\t\t\t\t<h4 class=\"elementor-icon-box-title\">\n\t\t\t\t\t\t<span  >\n\t\t\t\t\t\t\t<br>Cada equipo instalado salva 3 vidas y evita 34 accidentes al a\u00f1o\t\t\t\t\t\t<\/span>\n\t\t\t\t\t<\/h4>\n\t\t\t\t\n\t\t\t\t\n\t\t\t<\/div>\n\t\t\t\n\t\t<\/div>\n\t\t\t\t\t\t<\/div>\n\t\t\t\t<\/div>\n\t\t\t\t<\/div>\n\t\t\t\t<\/div>\n\t\t\t\t\t<\/div>\n\t\t\t\t<\/div>\n\t\t\t\t<\/div>\n\t\t","protected":false},"excerpt":{"rendered":"<p>Donde hay tr\u00e1fico, hay vidas que proteger. \u00a1Y ah\u00ed es donde queremos estar! Tecnolog\u00eda, Seguridad y Gesti\u00f3n del Tr\u00e1fico Una empresa 100% brasile\u00f1a que desde su fundaci\u00f3n se dedica a ofrecer soluciones innovadoras que promueven la seguridad y la inteligencia de las ciudades. Con una variada cartera de tecnolog\u00edas de vanguardia y un equipo altamente [&hellip;]<\/p>\n","protected":false},"author":1,"featured_media":0,"parent":0,"menu_order":0,"comment_status":"closed","ping_status":"closed","template":"","meta":{"footnotes":""},"class_list":["post-3925","page","type-page","status-publish","hentry"],"_links":{"self":[{"href":"https:\/\/mobilistraffic.com\/es\/wp-json\/wp\/v2\/pages\/3925","targetHints":{"allow":["GET"]}}],"collection":[{"href":"https:\/\/mobilistraffic.com\/es\/wp-json\/wp\/v2\/pages"}],"about":[{"href":"https:\/\/mobilistraffic.com\/es\/wp-json\/wp\/v2\/types\/page"}],"author":[{"embeddable":true,"href":"https:\/\/mobilistraffic.com\/es\/wp-json\/wp\/v2\/users\/1"}],"replies":[{"embeddable":true,"href":"https:\/\/mobilistraffic.com\/es\/wp-json\/wp\/v2\/comments?post=3925"}],"version-history":[{"count":0,"href":"https:\/\/mobilistraffic.com\/es\/wp-json\/wp\/v2\/pages\/3925\/revisions"}],"wp:attachment":[{"href":"https:\/\/mobilistraffic.com\/es\/wp-json\/wp\/v2\/media?parent=3925"}],"curies":[{"name":"wp","href":"https:\/\/api.w.org\/{rel}","templated":true}]}}