{"id":1959,"date":"2024-08-14T17:23:06","date_gmt":"2024-08-14T20:23:06","guid":{"rendered":"https:\/\/mobilis.wxlabs.com.br\/?page_id=1959"},"modified":"2025-08-06T09:56:31","modified_gmt":"2025-08-06T12:56:31","slug":"politica-de-cookies","status":"publish","type":"page","link":"https:\/\/mobilistraffic.com\/pt-br\/politica-de-cookies\/","title":{"rendered":"Pol\u00edtica de Cookies"},"content":{"rendered":"\t\t<div data-elementor-type=\"wp-page\" data-elementor-id=\"1959\" class=\"elementor elementor-1959\" data-elementor-post-type=\"page\">\n\t\t\t\t<div class=\"elementor-element elementor-element-c7bbbfc e-flex e-con-boxed e-con e-parent\" data-id=\"c7bbbfc\" data-element_type=\"container\" data-e-type=\"container\" data-settings=\"{&quot;jet_parallax_layout_list&quot;:[],&quot;background_background&quot;:&quot;classic&quot;}\">\n\t\t\t\t\t<div class=\"e-con-inner\">\n\t\t<div class=\"elementor-element elementor-element-5d318c4 e-con-full e-flex e-con e-child\" data-id=\"5d318c4\" data-element_type=\"container\" data-e-type=\"container\" data-settings=\"{&quot;jet_parallax_layout_list&quot;:[]}\">\n\t\t\t\t<\/div>\n\t\t\t\t\t<\/div>\n\t\t\t\t<\/div>\n\t\t<div class=\"elementor-element elementor-element-207619a e-flex e-con-boxed e-con e-parent\" data-id=\"207619a\" data-element_type=\"container\" data-e-type=\"container\" data-settings=\"{&quot;jet_parallax_layout_list&quot;:[]}\">\n\t\t\t\t\t<div class=\"e-con-inner\">\n\t\t<div class=\"elementor-element elementor-element-bd92dda e-con-full e-flex e-con e-child\" data-id=\"bd92dda\" data-element_type=\"container\" data-e-type=\"container\" data-settings=\"{&quot;background_background&quot;:&quot;classic&quot;,&quot;jet_parallax_layout_list&quot;:[]}\">\n\t\t<div class=\"elementor-element elementor-element-2d1065a e-con-full e-flex e-con e-child\" data-id=\"2d1065a\" data-element_type=\"container\" data-e-type=\"container\" data-settings=\"{&quot;jet_parallax_layout_list&quot;:[]}\">\n\t\t\t\t<div class=\"elementor-element elementor-element-6a382b8 elementor-widget elementor-widget-text-editor\" data-id=\"6a382b8\" data-element_type=\"widget\" data-e-type=\"widget\" data-widget_type=\"text-editor.default\">\n\t\t\t\t\t\t\t\t\t<p><span style=\"\">A Mobilis pode receber dados e armazen\u00e1-los por meio do uso de cookies, que s\u00e3o pequenos peda\u00e7os de dados armazenados no seu navegador quando visita nosso site, geralmente usados para rastrear as configura\u00e7\u00f5es selecionadas pelos usu\u00e1rios e suas atividades de navega\u00e7\u00e3o.<\/span><\/p><p>Ao acessar o site da Mobilis voc\u00ea poder\u00e1 escolher qual tipo de cookies podemos utilizar, quais sejam:<\/p><ul><li class=\"mb-3\"><b>1) Marketing:<\/b>\u00a0Para atender seus interesses usamos para rastrear a publicidade e, com isso, fornecer um servi\u00e7o mais relevante e an\u00fancios melhores.<\/li><li class=\"mb-3\"><b>2) Funcionais:<\/b> Aqui quando faz uma nova visita ao site, os dados anteriormente coletados &#8220;lembram&#8221; as suas \u00faltimas escolhas, assim, sua navega\u00e7\u00e3o fica mais r\u00e1pida.<\/li><li class=\"mb-3\"><b>3) Anal\u00edticos:<\/b>\u00a0Para ajudar a entender como os visitantes interagem com nosso site, descobrir erros e fornecer uma melhor an\u00e1lise geral.<\/li><\/ul><p>Os Cookies Essenciais s\u00e3o obrigat\u00f3rios para permitir funcionalidades essenciais, tais como seguran\u00e7a, verifica\u00e7\u00e3o de identidade e gest\u00e3o de rede. Esses cookies n\u00e3o podem ser desativados.<\/p><p>Utilizamos cookies para identificar acessos anteriores do usu\u00e1rio ao site, analisar suas prefer\u00eancias a fim de aperfei\u00e7oar sua navega\u00e7\u00e3o de forma mais \u00e1gil e eficiente, al\u00e9m de entregar publicidade que possa de fato te interessar.<\/p><p><b>N\u00e3o quero que utilizem meus dados por meio de coleta via Cookies, o que fazer?<\/b><\/p><p>Para que voc\u00ea possa gerenciar melhor a utiliza\u00e7\u00e3o dos Cookies, listamos para voc\u00ea links \u00fateis de como voc\u00ea poder\u00e1 acessar e conforme sua prefer\u00eancia, configurar a forma de coleta de cookies em v\u00e1rios navegadores:<\/p><ul><li><a href=\"https:\/\/support.mozilla.org\/pt-BR\/kb\/ative-e-desative-os-cookies-que-os-sites-usam?redirectlocale=en-US&amp;redirectslug=Enabling+and+disabling+cookies\" target=\"_blank\" rel=\"noopener\">Configura\u00e7\u00f5es de Cookies no Firefox<\/a><\/li><li><a href=\"https:\/\/support.microsoft.com\/pt-br\/help\/17442\/windows-internet-explorer-delete-manage-cookies\" target=\"_blank\" rel=\"noopener\">Configura\u00e7\u00f5es de Cookies no Internet Explorer<\/a><\/li><li><a href=\"http:\/\/www.google.com\/support\/chrome\/bin\/answer.py?answer=95647\" target=\"_blank\" rel=\"noopener\">Configura\u00e7\u00f5es de Cookies no Google Chrome<\/a><\/li><li><a href=\"https:\/\/support.apple.com\/kb\/PH17191?viewlocale=en_US&amp;locale=pt_BR\" target=\"_blank\" rel=\"noopener\">Configura\u00e7\u00f5es de Cookies no Safari (OS X)<\/a><\/li><li><a href=\"https:\/\/support.apple.com\/pt-br\/HT201265\" target=\"_blank\" rel=\"noopener\">Configura\u00e7\u00f5es de Cookies no Safari (iOS)<\/a><\/li><li><a href=\"https:\/\/support.google.com\/chrome\/answer\/95647?hl=pt&amp;co=GENIE.Platform=Android\" target=\"_blank\" rel=\"noopener\">Configura\u00e7\u00f5es de Cookies no Android<\/a><\/li><\/ul><p>Importante lhe avisar que ao bloquear o uso de alguns tipos de cookies, impossibilitando a coleta autom\u00e1tica e gerenciamento deles, algumas funcionalidades do site deixem de funcionar, n\u00e3o lhe proporcionando o melhor servi\u00e7o.<\/p><p><span style=\"\">Caso tenha qualquer d\u00favida entre em contato com nosso Encarregado de Dados (DPO) Thalita Carolina Figueiredo de Souza pelo e-mail <\/span><a href=\"mailto:dpo.mobilis@mobilis.com.br\">dpo.mobilis@mobilis.com.br<\/a>.<\/p><p>\u00daltima atualiza\u00e7\u00e3o em 19\/11\/2024.<\/p>\t\t\t\t\t\t\t\t<\/div>\n\t\t\t\t<\/div>\n\t\t\t\t<\/div>\n\t\t\t\t\t<\/div>\n\t\t\t\t<\/div>\n\t\t\t\t<\/div>\n\t\t","protected":false},"excerpt":{"rendered":"<p>A Mobilis pode receber dados e armazen\u00e1-los por meio do uso de cookies, que s\u00e3o pequenos peda\u00e7os de dados armazenados no seu navegador quando visita nosso site, geralmente usados para rastrear as configura\u00e7\u00f5es selecionadas pelos usu\u00e1rios e suas atividades de navega\u00e7\u00e3o. Ao acessar o site da Mobilis voc\u00ea poder\u00e1 escolher qual tipo de cookies podemos [&hellip;]<\/p>\n","protected":false},"author":1,"featured_media":0,"parent":0,"menu_order":0,"comment_status":"closed","ping_status":"closed","template":"","meta":{"footnotes":""},"class_list":["post-1959","page","type-page","status-publish","hentry"],"_links":{"self":[{"href":"https:\/\/mobilistraffic.com\/pt-br\/wp-json\/wp\/v2\/pages\/1959","targetHints":{"allow":["GET"]}}],"collection":[{"href":"https:\/\/mobilistraffic.com\/pt-br\/wp-json\/wp\/v2\/pages"}],"about":[{"href":"https:\/\/mobilistraffic.com\/pt-br\/wp-json\/wp\/v2\/types\/page"}],"author":[{"embeddable":true,"href":"https:\/\/mobilistraffic.com\/pt-br\/wp-json\/wp\/v2\/users\/1"}],"replies":[{"embeddable":true,"href":"https:\/\/mobilistraffic.com\/pt-br\/wp-json\/wp\/v2\/comments?post=1959"}],"version-history":[{"count":0,"href":"https:\/\/mobilistraffic.com\/pt-br\/wp-json\/wp\/v2\/pages\/1959\/revisions"}],"wp:attachment":[{"href":"https:\/\/mobilistraffic.com\/pt-br\/wp-json\/wp\/v2\/media?parent=1959"}],"curies":[{"name":"wp","href":"https:\/\/api.w.org\/{rel}","templated":true}]}}